{"id":3110,"date":"2019-10-15T12:50:05","date_gmt":"2019-10-15T15:50:05","guid":{"rendered":"https:\/\/printup.com.ar\/01\/?post_type=product&#038;p=3110"},"modified":"2026-04-06T11:48:54","modified_gmt":"2026-04-06T14:48:54","slug":"tabla-para-picada-5-cuencos-eucalipto","status":"publish","type":"product","link":"https:\/\/printup.com.ar\/01\/index.php\/producto\/tabla-para-picada-5-cuencos-eucalipto\/","title":{"rendered":"Tabla Para Picada 5 Cuencos Eucalipto &#8211; Venta por Unidad"},"content":{"rendered":"<p>MUY BUENA TERMINACI\u00d3N Y CALIDAD PREMIUM!<\/p>\n<p>1 Tabla Para Picadas de EUCALIPTO MODELO TPE2234-5C.<\/p>\n<p>Madera seleccionada y dise\u00f1o exclusivo de PrintUP.<br \/>\nOPCIONAL: Personalizada (logo Texto) L\u00e1ser Rosario.<\/p>\n<p>&#8211; Medidas aprox. 34cm x 22cm . Espesor: 3 cm.<br \/>\n&#8211; Madera de EUCALIPTO lijada muy buena terminaci\u00f3n y bordes regulares.<br \/>\n&#8211; Peso aproximado por unidad:390 gr.<br \/>\n&#8211; Se acepta Mercado Pago y otros medios disponibles.<\/p>\n<p>EL PRECIO PUBLICADO CORRESPONDE A 1 UNIDAD<\/p>\n<p>IMPORTANTE:<br \/>\n&#8211; La entrega aproximada es de 10\/15 D\u00cdAS H\u00c1BILES como m\u00ednimo a partir que se acredite el pago y se apruebe el dise\u00f1o a imprimir.<br \/>\n&#8211; En el caso de ser impresos con logos, el cliente toma la responsabilidad de la calidad de los mismos para ser impresos.<br \/>\n&#8211; El eucalipto que se utiliza es un producto NATURAL, es decir sus tama\u00f1os podr\u00edan ser diferentes unos de otros, algunas imperfecciones como manchado de origen vegetal, impurezas y porosidad. Podemos ofrecer una vista previa de nuestro producto en el local comercial en Rosario SF.<br \/>\n&#8211; Se entrega el producto a todo el pa\u00eds con gastos de env\u00edo y embalaje a cargo del comprador. NO RECIBIMOS DINERO POR ENV\u00cdOS.<br \/>\n&#8211; Entregas directas en local comercial en Rosario SF. sin cargo.<br \/>\n&#8211; Realice todas la consultas necesarias, como stock, cantidades, etc. previas a la compra.<\/p>\n","protected":false},"excerpt":{"rendered":"<p>MUY BUENA TERMINACI\u00d3N Y CALIDAD PREMIUM!<\/p>\n<p>1 Tabla Para Picadas de EUCALIPTO MODELO TPE2234-5C.<\/p>\n<p>Madera seleccionada y dise\u00f1o exclusivo de PrintUP.<br \/>\nOPCIONAL: Personalizada (logo Texto) L\u00e1ser Rosario.<\/p>\n<p>&#8211; Medidas aprox. 34cm x 22cm . Espesor: 3 cm.<br \/>\n&#8211; Madera de EUCALIPTO lijada muy buena terminaci\u00f3n y bordes regulares.<br \/>\n&#8211; Peso aproximado por unidad:390 gr.<br \/>\n&#8211; Se acepta Mercado Pago y otros medios disponibles.<\/p>\n<p>EL PRECIO PUBLICADO CORRESPONDE A 1 UNIDAD<\/p>\n<p class=\"continue-reading-button\"> <a class=\"continue-reading-link\" href=\"https:\/\/printup.com.ar\/01\/index.php\/producto\/tabla-para-picada-5-cuencos-eucalipto\/\">Continue reading<i class=\"crycon-right-dir\"><\/i><\/a><\/p>\n","protected":false},"featured_media":6511,"template":"","meta":[],"product_brand":[],"product_cat":[46,61,96,99,87],"product_tag":[],"class_list":{"0":"post-3110","1":"product","2":"type-product","3":"status-publish","4":"has-post-thumbnail","6":"product_cat-unidad","7":"product_cat-tablas-platos","8":"product_cat-cantidades","9":"product_cat-eucalipto","10":"product_cat-tablas-de-eucalipto","12":"first","13":"instock","14":"shipping-taxable","15":"purchasable","16":"product-type-simple"},"supplier_id":null,"supplier_sku":"","barcode":null,"atum_controlled":true,"out_stock_date":null,"out_stock_threshold":null,"inheritable":false,"inbound_stock":0,"stock_on_hold":0,"sold_today":0,"sales_last_days":0,"reserved_stock":0,"customer_returns":0,"warehouse_damage":0,"lost_in_post":0,"other_logs":0,"out_stock_days":0,"lost_sales":0,"has_location":false,"update_date":"2026-05-17T00:28:02","atum_locations":[],"atum_stock_status":"instock","restock_status":false,"low_stock_amount":"","sales_update_date":"2026-05-17T00:28:02","calc_backorders":0,"_links":{"self":[{"href":"https:\/\/printup.com.ar\/01\/index.php\/wp-json\/wp\/v2\/product\/3110","targetHints":{"allow":["GET"]}}],"collection":[{"href":"https:\/\/printup.com.ar\/01\/index.php\/wp-json\/wp\/v2\/product"}],"about":[{"href":"https:\/\/printup.com.ar\/01\/index.php\/wp-json\/wp\/v2\/types\/product"}],"wp:featuredmedia":[{"embeddable":true,"href":"https:\/\/printup.com.ar\/01\/index.php\/wp-json\/wp\/v2\/media\/6511"}],"wp:attachment":[{"href":"https:\/\/printup.com.ar\/01\/index.php\/wp-json\/wp\/v2\/media?parent=3110"}],"wp:term":[{"taxonomy":"product_brand","embeddable":true,"href":"https:\/\/printup.com.ar\/01\/index.php\/wp-json\/wp\/v2\/product_brand?post=3110"},{"taxonomy":"product_cat","embeddable":true,"href":"https:\/\/printup.com.ar\/01\/index.php\/wp-json\/wp\/v2\/product_cat?post=3110"},{"taxonomy":"product_tag","embeddable":true,"href":"https:\/\/printup.com.ar\/01\/index.php\/wp-json\/wp\/v2\/product_tag?post=3110"}],"curies":[{"name":"wp","href":"https:\/\/api.w.org\/{rel}","templated":true}]}}