{"id":494,"date":"2019-02-21T12:07:28","date_gmt":"2019-02-21T15:07:28","guid":{"rendered":"https:\/\/printup.com.ar\/01\/?post_type=product&#038;p=494"},"modified":"2026-04-06T11:48:53","modified_gmt":"2026-04-06T14:48:53","slug":"tablas-picadas-de-pino-personalizadas-laser-15x30cm-logo-texto-1530","status":"publish","type":"product","link":"https:\/\/printup.com.ar\/01\/index.php\/producto\/tablas-picadas-de-pino-personalizadas-laser-15x30cm-logo-texto-1530\/","title":{"rendered":"Tablas Picadas de Pino Personalizadas L\u00e0ser 15x30CM (logo Texto) -Compra M\u00ednima 10 Unidades."},"content":{"rendered":"<p>M\u00cdNIMA COMPRA 10 UNIDADES<\/p>\n<p>Tabla Para Picadas Personalizada (logo Texto) L\u00e1ser Rosario. MODELO: TPP1530<br \/>\nPara entregar como recuerdo en todo tipo de eventos; como Bodas, 15 A\u00f1os o como regalos empresariales.<\/p>\n<blockquote><p>&#8211; Grabado l\u00e1ser en un \u00e1rea aproximada de 4x4cm. (Un solo lado)<br \/>\n&#8211; Medidas aprox. Largo: 30 cm Ancho: 15 cm Espesor:1,8 o 1,5 cm (seg\u00fan disp.).<br \/>\n&#8211; Madera de pino lijada , buena terminaci\u00f3n y bordes semi r\u00fasticos.<br \/>\n&#8211; Peso aproximado 405 gr. por unidad.<br \/>\n&#8211; Se acepta Mercado Pago y otros medios disponibles.<\/p><\/blockquote>\n<p>EL PRECIO PUBLICADO CORRESPONDE A 1 UNIDAD GRABADA CON LASER DEL MISMO MOTIVO.<br \/>\nCONSULTE OTROS MODELOS DISPONIBLES..<\/p>\n<p>M\u00cdNIMA COMPRA 10 UNIDADES<\/p>\n<p>IMPORTANTE:<br \/>\n&#8211; Env\u00edos a todo el pa\u00eds por medio te transporte \u00fanicamente con pago en destino<br \/>\n&#8211; Seg\u00fan la localidad a enviar, la demora del transporte puede variar sustancialmente. Realice sus pedidos con tiempo suficiente, y consulte AL TRANSPORTE los tiempos de entrega.<br \/>\n\u2013 La entrega aproximada es de 10\/12 D\u00cdAS H\u00c1BILES como m\u00ednimo a partir que se acredite el pago y se apruebe el dise\u00f1o a imprimir.<br \/>\n\u2013 En el caso de ser impresos con logos, el cliente toma la responsabilidad de la calidad de los mismos para ser impresos.<br \/>\n\u2013 Se entrega el producto a todo el pa\u00eds con gastos de env\u00edo y embalaje a cargo del comprador. NO RECIBIMOS DINERO POR ENV\u00cdOS.<br \/>\n&#8211; El pino que se utiliza es un producto NATURAL, es decir sus tama\u00f1os podr\u00edan ser diferentes unos de otros, algunas imperfecciones como manchado de origen vegetal, nudos, impurezas y peque\u00f1a porosidad. Podemos ofrecer una vista previa de nuestro producto en el local comercial en Rosario SF.<br \/>\n\u2013 Entregas directas en local comercial en Rosario SF. sin cargo.<br \/>\n\u2013 Realice todas la consultas necesarias, como stock, cantidades, etc. previas a la compra.<\/p>\n","protected":false},"excerpt":{"rendered":"<p>Tabla Para Picadas Personalizada (logo Texto) L\u00e1ser Rosario. MODELO: TPP1530<br \/>\nPara entregar como recuerdo en todo tipo de eventos; como Bodas, 15 A\u00f1os o como regalos empresariales.<\/p>\n<blockquote><p>&#8211; Grabado l\u00e1ser en un \u00e1rea aproximada de 4x4cm. (Un solo lado)<br \/>\n&#8211; Medidas aprox. Largo: 30 cm Ancho: 15 cm Espesor: 1,8 o 1,5 cm (seg\u00fan disp.).<br \/>\n&#8211; Madera de pino lijada , buena terminaci\u00f3n y bordes semi r\u00fasticos.<br \/>\n&#8211; Peso aproximado 405 gr. por unidad.<br \/>\n&#8211; Se acepta Mercado Pago y otros medios disponibles.<\/p><\/blockquote>\n<p>EL PRECIO PUBLICADO CORRESPONDE A 1 UNIDAD GRABADA CON LASER DEL MISMO MOTIVO.<br \/>\nCONSULTE OTROS MODELOS DISPONIBLES..<\/p>\n<p>M\u00cdNIMA COMPRA 10 UNIDADES<\/p>\n<p class=\"continue-reading-button\"> <a class=\"continue-reading-link\" href=\"https:\/\/printup.com.ar\/01\/index.php\/producto\/tablas-picadas-de-pino-personalizadas-laser-15x30cm-logo-texto-1530\/\">Continue reading<i class=\"crycon-right-dir\"><\/i><\/a><\/p>\n","protected":false},"featured_media":496,"template":"","meta":[],"product_brand":[],"product_cat":[83,61,45,97,81],"product_tag":[],"class_list":{"0":"post-494","1":"product","2":"type-product","3":"status-publish","4":"has-post-thumbnail","6":"product_cat-tablas-de-pino-personalizadas-por-cantidad","7":"product_cat-tablas-platos","8":"product_cat-minimo-10","9":"product_cat-pino","10":"product_cat-tablas-de-pino-personalizadas","12":"first","13":"instock","14":"shipping-taxable","15":"purchasable","16":"product-type-simple"},"supplier_id":null,"supplier_sku":"","barcode":null,"atum_controlled":true,"out_stock_date":null,"out_stock_threshold":null,"inheritable":false,"inbound_stock":0,"stock_on_hold":0,"sold_today":0,"sales_last_days":0,"reserved_stock":0,"customer_returns":0,"warehouse_damage":0,"lost_in_post":0,"other_logs":0,"out_stock_days":0,"lost_sales":0,"has_location":false,"update_date":"2026-05-13T00:04:27","atum_locations":[],"atum_stock_status":"instock","restock_status":false,"low_stock_amount":0,"sales_update_date":"2026-05-13T00:04:27","calc_backorders":0,"_links":{"self":[{"href":"https:\/\/printup.com.ar\/01\/index.php\/wp-json\/wp\/v2\/product\/494","targetHints":{"allow":["GET"]}}],"collection":[{"href":"https:\/\/printup.com.ar\/01\/index.php\/wp-json\/wp\/v2\/product"}],"about":[{"href":"https:\/\/printup.com.ar\/01\/index.php\/wp-json\/wp\/v2\/types\/product"}],"wp:featuredmedia":[{"embeddable":true,"href":"https:\/\/printup.com.ar\/01\/index.php\/wp-json\/wp\/v2\/media\/496"}],"wp:attachment":[{"href":"https:\/\/printup.com.ar\/01\/index.php\/wp-json\/wp\/v2\/media?parent=494"}],"wp:term":[{"taxonomy":"product_brand","embeddable":true,"href":"https:\/\/printup.com.ar\/01\/index.php\/wp-json\/wp\/v2\/product_brand?post=494"},{"taxonomy":"product_cat","embeddable":true,"href":"https:\/\/printup.com.ar\/01\/index.php\/wp-json\/wp\/v2\/product_cat?post=494"},{"taxonomy":"product_tag","embeddable":true,"href":"https:\/\/printup.com.ar\/01\/index.php\/wp-json\/wp\/v2\/product_tag?post=494"}],"curies":[{"name":"wp","href":"https:\/\/api.w.org\/{rel}","templated":true}]}}