{"id":6336,"date":"2020-10-02T13:37:59","date_gmt":"2020-10-02T16:37:59","guid":{"rendered":"https:\/\/printup.com.ar\/01\/?post_type=product&#038;p=6336"},"modified":"2026-04-06T11:48:54","modified_gmt":"2026-04-06T14:48:54","slug":"jarra-cervecera-personalizado-con-laser","status":"publish","type":"product","link":"https:\/\/printup.com.ar\/01\/index.php\/producto\/jarra-cervecera-personalizado-con-laser\/","title":{"rendered":"Jarra Cervecera \/ Chopp Personalizada con L\u00e1ser"},"content":{"rendered":"<p>JARRA DE VIDRIO PARA CERVEZA PERSONALIZADA GRABADA CON LASER<br \/>\nPara todo evento: Souvenir, regalos empresarios, casamientos, aniversarios, cumplea\u00f1os, bautismos, fiestas de 15, etc.<\/p>\n<p>CARACTER\u00cdSTICAS DEL PRODUCTO:<br \/>\n\u2022 Jarra de vidrio para cerveza.<br \/>\n\u2022 Material: Vidrio.<br \/>\n\u2022 Capacidad: 500 cc aprox.<br \/>\n\u2022 Medida: 16 cm de alto x 8,5 de di\u00e1metro (Medidas aproximadas. Pueden variar seg\u00fan stock y disponibilidad)<br \/>\n\u2022 Medidas m\u00e1ximas a grabar: hasta 4 cm de ancho x 5 cm de alto. UN SOLO LADO<br \/>\n\u2022 Incluye: Jarra Cervecera y Grabado con l\u00e1ser.<\/p>\n<p>CARACTER\u00cdSTICAS DEL GRABADO:<br \/>\n\u2022 Blanco\/gris Esmerilado como se ve en la imagen, es permanente y no admite colores.<br \/>\n\u2022 Tiempo estimado de trabajo: La entrega aproximada es de 7\/10 D\u00cdAS H\u00c1BILES como m\u00ednimo a partir que se acredite el pago y se apruebe el dise\u00f1o a imprimir. (<strong>puede variar sustancialmente en base a la cantidad solicitada<\/strong>)<br \/>\n\u2022 Las gr\u00e1ficas, dibujos, logos, etc., deben ser enviadas previas a la compra para evaluar la posibilidad de grabado.<\/p>\n<p><strong>Descuentos por cantidad:<br \/>\n<\/strong>-M\u00e1s de 100 unidades &#8212;-&gt; 5% descuento. (pago contado o transferencia bancaria)<\/p>\n<p>Los descuentos \u00daNICAMENTE se aplican sobre los productos que sean abonados el 100% mediante transferencia bancaria o pago efectivo en el local comercial.<br \/>\nNO se aplicar\u00e1n descuentos sobre productos abonados con otros medios de pago.<br \/>\nEL DESCUENTO ES APLICABLE AL MISMO PRODUCTO CON EL MISMO MOTIVO GRABADO EN CADA UNO DE ELLOS.<\/p>\n<p><strong>Informaci\u00f3n importante:<\/strong><br \/>\n&#8211; Podes enviarnos tu propio dise\u00f1o a nuestro mail o v\u00eda whatsapp al tel\u00e9fono de contacto. Es ideal que el dise\u00f1o sea en PDF o JPG sin compresi\u00f3n y en tama\u00f1o real.<br \/>\n&#8211; Podemos hacer un dise\u00f1o <strong>simple<\/strong> basado en\u00a0 caracter\u00edsticas o preferencias que quieras que tenga. Una vez realizado te enviamos una imagen previa digital del dise\u00f1o para que nos des el OK.<br \/>\n&#8211; Todas las im\u00e1genes de la publicaci\u00f3n son de car\u00e1cter ilustrativo y muestran de manera aproximada el resultado del grabado.<br \/>\n&#8211; Podemos ofrecer una vista previa de nuestro producto en el local comercial en Rosario SF.<\/p>\n<p>FORMAS DE PAGO:<br \/>\nSe acepta Mercado Pago y otros medios disponibles en el sitio.<\/p>\n<p>ENV\u00cdOS, UBICACI\u00d3N Y HORARIOS:<br \/>\n&#8211; Podes RETIRAR personalmente en nuestro local comercial de Rosario SF (zona microcentro)<br \/>\n&#8211; Tambi\u00e9n hacemos env\u00edos a todo el pa\u00eds con transportes pagos en la localidad de destino que est\u00e9s disponibles desde Rosario SF hacia tu localidad.<br \/>\nEl costo del env\u00edo es siempre A CARGO DEL CLIENTE.<\/p>\n","protected":false},"excerpt":{"rendered":"<p>JARRA DE VIDRIO PARA CERVEZA PERSONALIZADA GRABADA CON LASER<br \/>\nPara todo evento: Souvenir, regalos empresarios, casamientos, aniversarios, cumplea\u00f1os, bautismos, fiestas de 15, etc.<\/p>\n<p>CARACTER\u00cdSTICAS DEL PRODUCTO:<br \/>\n\u2022 Jarra de vidrio para cerveza.<br \/>\n\u2022 Material: Vidrio.<br \/>\n\u2022 Capacidad: 500 cc aprox.<br \/>\n\u2022 Medida: 16 cm de alto x 8,5 de di\u00e1metro (Medidas aproximadas. Pueden variar seg\u00fan stock y disponibilidad)<br \/>\n\u2022 Medidas m\u00e1ximas a grabar: hasta 4 cm de ancho x 5 cm de alto. UN SOLO LADO<br \/>\n\u2022 Incluye: Jarra Cervecera y Grabado con l\u00e1ser.<\/p>\n<p class=\"continue-reading-button\"> <a class=\"continue-reading-link\" href=\"https:\/\/printup.com.ar\/01\/index.php\/producto\/jarra-cervecera-personalizado-con-laser\/\">Continue reading<i class=\"crycon-right-dir\"><\/i><\/a><\/p>\n","protected":false},"featured_media":6337,"template":"","meta":[],"product_brand":[],"product_cat":[46,95,75],"product_tag":[],"class_list":{"0":"post-6336","1":"product","2":"type-product","3":"status-publish","4":"has-post-thumbnail","6":"product_cat-unidad","7":"product_cat-vidrios-personalizados-venta-por-unidad","8":"product_cat-vidrios","10":"first","11":"instock","12":"shipping-taxable","13":"purchasable","14":"product-type-simple"},"supplier_id":null,"supplier_sku":"","barcode":null,"atum_controlled":true,"out_stock_date":null,"out_stock_threshold":null,"inheritable":false,"inbound_stock":0,"stock_on_hold":0,"sold_today":0,"sales_last_days":0,"reserved_stock":0,"customer_returns":0,"warehouse_damage":0,"lost_in_post":0,"other_logs":0,"out_stock_days":0,"lost_sales":0,"has_location":false,"update_date":"2026-05-07T03:15:30","atum_locations":[],"atum_stock_status":"instock","restock_status":false,"low_stock_amount":"","sales_update_date":"2026-05-07T03:15:30","calc_backorders":0,"_links":{"self":[{"href":"https:\/\/printup.com.ar\/01\/index.php\/wp-json\/wp\/v2\/product\/6336","targetHints":{"allow":["GET"]}}],"collection":[{"href":"https:\/\/printup.com.ar\/01\/index.php\/wp-json\/wp\/v2\/product"}],"about":[{"href":"https:\/\/printup.com.ar\/01\/index.php\/wp-json\/wp\/v2\/types\/product"}],"wp:featuredmedia":[{"embeddable":true,"href":"https:\/\/printup.com.ar\/01\/index.php\/wp-json\/wp\/v2\/media\/6337"}],"wp:attachment":[{"href":"https:\/\/printup.com.ar\/01\/index.php\/wp-json\/wp\/v2\/media?parent=6336"}],"wp:term":[{"taxonomy":"product_brand","embeddable":true,"href":"https:\/\/printup.com.ar\/01\/index.php\/wp-json\/wp\/v2\/product_brand?post=6336"},{"taxonomy":"product_cat","embeddable":true,"href":"https:\/\/printup.com.ar\/01\/index.php\/wp-json\/wp\/v2\/product_cat?post=6336"},{"taxonomy":"product_tag","embeddable":true,"href":"https:\/\/printup.com.ar\/01\/index.php\/wp-json\/wp\/v2\/product_tag?post=6336"}],"curies":[{"name":"wp","href":"https:\/\/api.w.org\/{rel}","templated":true}]}}